{"id":3375,"date":"2022-05-27T08:06:53","date_gmt":"2022-05-27T05:06:53","guid":{"rendered":"https:\/\/www.elvispresley.pro\/home\/"},"modified":"2023-02-02T10:43:14","modified_gmt":"2023-02-02T07:43:14","slug":"home","status":"publish","type":"page","link":"https:\/\/www.elvispresley.pro\/cs\/","title":{"rendered":"Domov"},"content":{"rendered":"\n\n\t\t\t\t<a href=\"https:\/\/www.elvispresley.pro\/wp-content\/uploads\/2022\/10\/DSC_0854-1.jpg\" target=\"_self\" itemprop=\"url\" rel=\"noopener\">\n\t\t\t\t<img loading=\"lazy\" decoding=\"async\" src=\"https:\/\/www.elvispresley.pro\/wp-content\/uploads\/2022\/10\/DSC_0854-1.jpg\" alt=\"DSC_0854\" itemprop=\"image\" height=\"667\" width=\"1000\" title=\"DSC_0854\" onerror=\"this.style.display='none'\"  \/>\n\t\t\t\t<\/a>\n<h2>\n\t\tJason P &#8230; Elvis Tribut\n\t<\/h2>\n\t<p>Existoval jen jeden Elvis Presley a ten byl a je nesporn\u00fdm &#8218;Kr\u00e1lem Rock\u00b4n rollu\u00b4,<\/p>\n<p>bohu\u017eel n\u00e1s opustil moc brzy.<\/p>\n<p>D\u00edky Jasonovi P se na kr\u00e1tk\u00fd okam\u017eik jeho hudba a zp\u011bv vr\u00e1t\u00ed mezi V\u00e1s.<\/p>\n<p>Jason V\u00e1s osln\u00ed autentick\u00fdmi kost\u00fdmy, excelentn\u00edm hlasem a skv\u011blou show p\u0159i kter\u00e9\u00a0zp\u00edv\u00e1 v\u017edy \u017eiv\u011b.<\/p>\n<p>Festivaly, m\u011bstsk\u00e9 akce, plesy, sout\u011b\u017ee, otv\u00edra\u010dky, srazy aut, restaurace, svatby, oslavy narozenin a dal\u0161\u00ed priv\u00e1tn\u00ed akce, nic nen\u00ed probl\u00e9m.<\/p>\n<p>Show od 20 do 90 minut (i v\u00edce) v\u0161e z\u00e1le\u017e\u00ed na va\u0161ich p\u0159\u00e1n\u00edch a po\u017eadavc\u00edch<\/p>\n<p>Jason mluv\u00ed plynn\u011b n\u011bkolika sv\u011btov\u00fdmi jazyky.<\/p>\n<p>U\u017eijte si spoustu fotografi\u00ed, vide\u00ed a zvukov\u00fdch nahr\u00e1vek kter\u00e9 jsme pro V\u00e1s p\u0159ipravili<\/p>\n<p>T\u011b\u0161\u00edme se s V\u00e1mi na brzkou shledanou<\/p>\n\t\t\t\t<a href=\"https:\/\/www.elvispresley.pro\/wp-content\/uploads\/2022\/11\/awards-1-1-179x300.jpg\" target=\"_self\" itemprop=\"url\" rel=\"noopener\">\n\t\t\t\t<img loading=\"lazy\" decoding=\"async\" src=\"https:\/\/www.elvispresley.pro\/wp-content\/uploads\/2022\/11\/awards-1-1-179x300.jpg\" alt=\"awards 1\" itemprop=\"image\" height=\"300\" width=\"179\" title=\"awards 1\" onerror=\"this.style.display='none'\"  \/>\n\t\t\t\t<\/a>\n\t\t\t\t<a href=\"https:\/\/www.elvispresley.pro\/wp-content\/uploads\/2022\/11\/awards-2-179x300.jpg\" target=\"_self\" itemprop=\"url\" rel=\"noopener\">\n\t\t\t\t<img loading=\"lazy\" decoding=\"async\" src=\"https:\/\/www.elvispresley.pro\/wp-content\/uploads\/2022\/11\/awards-2-179x300.jpg\" alt=\"awards 2\" itemprop=\"image\" height=\"300\" width=\"179\" title=\"awards 2\" onerror=\"this.style.display='none'\"  \/>\n\t\t\t\t<\/a>\n\t\t\t<a href=\"https:\/\/www.elvispresley.pro\/contact\/\" target=\"_self\" role=\"button\" rel=\"noopener\">\n\t\t\t\t\t\t\tRezervovat \/ Kontaktovat Jason P.\n\t\t\t\t\t<\/a>\n<h2>\n\t\tPoslechn\u011bte si Jasona P.\n\t<\/h2>\n\t\t\t<a href=\"https:\/\/www.elvispresley.pro\/listen\/\" target=\"_self\" role=\"button\" rel=\"noopener\">\n\t\t\t\t\t\t\tListen to more\n\t\t\t\t\t<\/a>\n<h2>\n\t\tPod\u00edvejte se na \u017eiv\u00e9 vystoupen\u00ed Jasona P.\n\t<\/h2>\n\t<iframe allowfullscreen allow=\"autoplay\" data-src=\"https:\/\/www.youtube.com\/embed\/VK29n6jH5Wc?feature=oembed&amp;start&amp;end&amp;wmode=opaque&amp;loop=0&amp;controls=1&amp;mute=0&amp;rel=0&amp;modestbranding=1\"><\/iframe>\t\t\n\t\t\t\t\tPlay Video\n\t<iframe allowfullscreen allow=\"autoplay\" data-src=\"https:\/\/www.youtube.com\/embed\/sKANHEdRrmA?feature=oembed&amp;start&amp;end&amp;wmode=opaque&amp;loop=0&amp;controls=1&amp;mute=0&amp;rel=0&amp;modestbranding=1\"><\/iframe>\t\t\n\t\t\t\t\tPlay Video\n\t\t\t<a href=\"https:\/\/www.elvispresley.pro\/videos\/\" target=\"_self\" role=\"button\" rel=\"noopener\">\n\t\t\t\t\t\t\tDal\u0161\u00ed videa\n\t\t\t\t\t<\/a>\n\t\t\t<a href=\"https:\/\/www.elvispresley.pro\/gallery\/\" target=\"_self\" role=\"button\" rel=\"noopener\">\n\t\t\t\t\t\t\tPod\u00edvejte se na fotogalerii Jasona P\n\t\t\t\t\t<\/a>\n<h3>\n\t\tPod\u00edvejte se na nejnov\u011bj\u0161\u00ed zpr\u00e1vy\n\t<\/h3>\n\n","protected":false},"excerpt":{"rendered":"<p>Jason P &#8230; Elvis Tribut Existoval jen jeden Elvis Presley a ten byl a je nesporn\u00fdm &#8218;Kr\u00e1lem Rock\u00b4n rollu\u00b4, bohu\u017eel n\u00e1s opustil moc brzy. D\u00edky Jasonovi P se na kr\u00e1tk\u00fd okam\u017eik jeho hudba a zp\u011bv vr\u00e1t\u00ed mezi V\u00e1s. Jason V\u00e1s osln\u00ed autentick\u00fdmi kost\u00fdmy, excelentn\u00edm hlasem a skv\u011blou show p\u0159i kter\u00e9\u00a0zp\u00edv\u00e1 v\u017edy \u017eiv\u011b. Festivaly, m\u011bstsk\u00e9 akce,&hellip;<\/p>\n","protected":false},"author":1,"featured_media":0,"parent":0,"menu_order":0,"comment_status":"closed","ping_status":"closed","template":"","meta":{"footnotes":""},"class_list":["post-3375","page","type-page","status-publish","hentry"],"yoast_head":"<!-- This site is optimized with the Yoast SEO Premium plugin v27.4 (Yoast SEO v27.5) - https:\/\/yoast.com\/product\/yoast-seo-premium-wordpress\/ -->\n<title>Domov - Jason P. Presley<\/title>\n<meta name=\"robots\" content=\"index, follow, max-snippet:-1, max-image-preview:large, max-video-preview:-1\" \/>\n<link rel=\"canonical\" href=\"https:\/\/www.elvispresley.pro\/cs\/\" \/>\n<meta property=\"og:locale\" content=\"cs_CZ\" \/>\n<meta property=\"og:type\" content=\"article\" \/>\n<meta property=\"og:title\" content=\"Domov\" \/>\n<meta property=\"og:description\" content=\"Jason P &#8230; Elvis Tribut Existoval jen jeden Elvis Presley a ten byl a je nesporn\u00fdm &#8218;Kr\u00e1lem Rock\u00b4n rollu\u00b4, bohu\u017eel n\u00e1s opustil moc brzy. D\u00edky Jasonovi P se na kr\u00e1tk\u00fd okam\u017eik jeho hudba a zp\u011bv vr\u00e1t\u00ed mezi V\u00e1s. Jason V\u00e1s osln\u00ed autentick\u00fdmi kost\u00fdmy, excelentn\u00edm hlasem a skv\u011blou show p\u0159i kter\u00e9\u00a0zp\u00edv\u00e1 v\u017edy \u017eiv\u011b. Festivaly, m\u011bstsk\u00e9 akce,&hellip;\" \/>\n<meta property=\"og:url\" content=\"https:\/\/www.elvispresley.pro\/cs\/\" \/>\n<meta property=\"og:site_name\" content=\"Jason P. Presley\" \/>\n<meta property=\"article:publisher\" content=\"https:\/\/www.facebook.com\/profile.php?id=100053709788100\" \/>\n<meta property=\"article:modified_time\" content=\"2023-02-02T07:43:14+00:00\" \/>\n<meta property=\"og:image\" content=\"https:\/\/www.elvispresley.pro\/wp-content\/uploads\/2022\/10\/DSC_0854-1.jpg\" \/>\n<meta name=\"twitter:card\" content=\"summary_large_image\" \/>\n<meta name=\"twitter:label1\" content=\"Odhadovan\u00e1 doba \u010dten\u00ed\" \/>\n\t<meta name=\"twitter:data1\" content=\"1 minuta\" \/>\n<script type=\"application\/ld+json\" class=\"yoast-schema-graph\">{\"@context\":\"https:\\\/\\\/schema.org\",\"@graph\":[{\"@type\":\"WebPage\",\"@id\":\"https:\\\/\\\/www.elvispresley.pro\\\/cs\\\/\",\"url\":\"https:\\\/\\\/www.elvispresley.pro\\\/cs\\\/\",\"name\":\"Domov - Jason P. Presley\",\"isPartOf\":{\"@id\":\"https:\\\/\\\/www.elvispresley.pro\\\/cs\\\/#website\"},\"primaryImageOfPage\":{\"@id\":\"https:\\\/\\\/www.elvispresley.pro\\\/cs\\\/#primaryimage\"},\"image\":{\"@id\":\"https:\\\/\\\/www.elvispresley.pro\\\/cs\\\/#primaryimage\"},\"thumbnailUrl\":\"https:\\\/\\\/www.elvispresley.pro\\\/wp-content\\\/uploads\\\/2022\\\/10\\\/DSC_0854-1.jpg\",\"datePublished\":\"2022-05-27T05:06:53+00:00\",\"dateModified\":\"2023-02-02T07:43:14+00:00\",\"breadcrumb\":{\"@id\":\"https:\\\/\\\/www.elvispresley.pro\\\/cs\\\/#breadcrumb\"},\"inLanguage\":\"cs\",\"potentialAction\":[{\"@type\":\"ReadAction\",\"target\":[\"https:\\\/\\\/www.elvispresley.pro\\\/cs\\\/\"]}]},{\"@type\":\"ImageObject\",\"inLanguage\":\"cs\",\"@id\":\"https:\\\/\\\/www.elvispresley.pro\\\/cs\\\/#primaryimage\",\"url\":\"https:\\\/\\\/www.elvispresley.pro\\\/wp-content\\\/uploads\\\/2022\\\/10\\\/DSC_0854-1.jpg\",\"contentUrl\":\"https:\\\/\\\/www.elvispresley.pro\\\/wp-content\\\/uploads\\\/2022\\\/10\\\/DSC_0854-1.jpg\"},{\"@type\":\"BreadcrumbList\",\"@id\":\"https:\\\/\\\/www.elvispresley.pro\\\/cs\\\/#breadcrumb\",\"itemListElement\":[{\"@type\":\"ListItem\",\"position\":1,\"name\":\"Home\",\"item\":\"https:\\\/\\\/www.elvispresley.pro\\\/cs\\\/\"},{\"@type\":\"ListItem\",\"position\":2,\"name\":\"Domov\"}]},{\"@type\":\"WebSite\",\"@id\":\"https:\\\/\\\/www.elvispresley.pro\\\/cs\\\/#website\",\"url\":\"https:\\\/\\\/www.elvispresley.pro\\\/cs\\\/\",\"name\":\"Jason P. Presley\",\"description\":\"Elvis tribute - Jason P.\",\"publisher\":{\"@id\":\"https:\\\/\\\/www.elvispresley.pro\\\/cs\\\/#organization\"},\"potentialAction\":[{\"@type\":\"SearchAction\",\"target\":{\"@type\":\"EntryPoint\",\"urlTemplate\":\"https:\\\/\\\/www.elvispresley.pro\\\/cs\\\/?s={search_term_string}\"},\"query-input\":{\"@type\":\"PropertyValueSpecification\",\"valueRequired\":true,\"valueName\":\"search_term_string\"}}],\"inLanguage\":\"cs\"},{\"@type\":[\"Organization\",\"Place\"],\"@id\":\"https:\\\/\\\/www.elvispresley.pro\\\/cs\\\/#organization\",\"name\":\"Jason P Presley\",\"url\":\"https:\\\/\\\/www.elvispresley.pro\\\/cs\\\/\",\"logo\":{\"@id\":\"https:\\\/\\\/www.elvispresley.pro\\\/cs\\\/#local-main-organization-logo\"},\"image\":{\"@id\":\"https:\\\/\\\/www.elvispresley.pro\\\/cs\\\/#local-main-organization-logo\"},\"sameAs\":[\"https:\\\/\\\/www.facebook.com\\\/profile.php?id=100053709788100\"],\"telephone\":[],\"openingHoursSpecification\":[{\"@type\":\"OpeningHoursSpecification\",\"dayOfWeek\":[\"Monday\",\"Tuesday\",\"Wednesday\",\"Thursday\",\"Friday\",\"Saturday\",\"Sunday\"],\"opens\":\"09:00\",\"closes\":\"17:00\"}]},{\"@type\":\"ImageObject\",\"inLanguage\":\"cs\",\"@id\":\"https:\\\/\\\/www.elvispresley.pro\\\/cs\\\/#local-main-organization-logo\",\"url\":\"https:\\\/\\\/www.elvispresley.pro\\\/wp-content\\\/uploads\\\/2022\\\/10\\\/DSC_0546.jpg\",\"contentUrl\":\"https:\\\/\\\/www.elvispresley.pro\\\/wp-content\\\/uploads\\\/2022\\\/10\\\/DSC_0546.jpg\",\"width\":1500,\"height\":1000,\"caption\":\"Jason P Presley\"}]}<\/script>\n<!-- \/ Yoast SEO Premium plugin. -->","yoast_head_json":{"title":"Domov - Jason P. Presley","robots":{"index":"index","follow":"follow","max-snippet":"max-snippet:-1","max-image-preview":"max-image-preview:large","max-video-preview":"max-video-preview:-1"},"canonical":"https:\/\/www.elvispresley.pro\/cs\/","og_locale":"cs_CZ","og_type":"article","og_title":"Domov","og_description":"Jason P &#8230; Elvis Tribut Existoval jen jeden Elvis Presley a ten byl a je nesporn\u00fdm &#8218;Kr\u00e1lem Rock\u00b4n rollu\u00b4, bohu\u017eel n\u00e1s opustil moc brzy. D\u00edky Jasonovi P se na kr\u00e1tk\u00fd okam\u017eik jeho hudba a zp\u011bv vr\u00e1t\u00ed mezi V\u00e1s. Jason V\u00e1s osln\u00ed autentick\u00fdmi kost\u00fdmy, excelentn\u00edm hlasem a skv\u011blou show p\u0159i kter\u00e9\u00a0zp\u00edv\u00e1 v\u017edy \u017eiv\u011b. Festivaly, m\u011bstsk\u00e9 akce,&hellip;","og_url":"https:\/\/www.elvispresley.pro\/cs\/","og_site_name":"Jason P. Presley","article_publisher":"https:\/\/www.facebook.com\/profile.php?id=100053709788100","article_modified_time":"2023-02-02T07:43:14+00:00","og_image":[{"url":"https:\/\/www.elvispresley.pro\/wp-content\/uploads\/2022\/10\/DSC_0854-1.jpg","type":"","width":"","height":""}],"twitter_card":"summary_large_image","twitter_misc":{"Odhadovan\u00e1 doba \u010dten\u00ed":"1 minuta"},"schema":{"@context":"https:\/\/schema.org","@graph":[{"@type":"WebPage","@id":"https:\/\/www.elvispresley.pro\/cs\/","url":"https:\/\/www.elvispresley.pro\/cs\/","name":"Domov - Jason P. Presley","isPartOf":{"@id":"https:\/\/www.elvispresley.pro\/cs\/#website"},"primaryImageOfPage":{"@id":"https:\/\/www.elvispresley.pro\/cs\/#primaryimage"},"image":{"@id":"https:\/\/www.elvispresley.pro\/cs\/#primaryimage"},"thumbnailUrl":"https:\/\/www.elvispresley.pro\/wp-content\/uploads\/2022\/10\/DSC_0854-1.jpg","datePublished":"2022-05-27T05:06:53+00:00","dateModified":"2023-02-02T07:43:14+00:00","breadcrumb":{"@id":"https:\/\/www.elvispresley.pro\/cs\/#breadcrumb"},"inLanguage":"cs","potentialAction":[{"@type":"ReadAction","target":["https:\/\/www.elvispresley.pro\/cs\/"]}]},{"@type":"ImageObject","inLanguage":"cs","@id":"https:\/\/www.elvispresley.pro\/cs\/#primaryimage","url":"https:\/\/www.elvispresley.pro\/wp-content\/uploads\/2022\/10\/DSC_0854-1.jpg","contentUrl":"https:\/\/www.elvispresley.pro\/wp-content\/uploads\/2022\/10\/DSC_0854-1.jpg"},{"@type":"BreadcrumbList","@id":"https:\/\/www.elvispresley.pro\/cs\/#breadcrumb","itemListElement":[{"@type":"ListItem","position":1,"name":"Home","item":"https:\/\/www.elvispresley.pro\/cs\/"},{"@type":"ListItem","position":2,"name":"Domov"}]},{"@type":"WebSite","@id":"https:\/\/www.elvispresley.pro\/cs\/#website","url":"https:\/\/www.elvispresley.pro\/cs\/","name":"Jason P. Presley","description":"Elvis tribute - Jason P.","publisher":{"@id":"https:\/\/www.elvispresley.pro\/cs\/#organization"},"potentialAction":[{"@type":"SearchAction","target":{"@type":"EntryPoint","urlTemplate":"https:\/\/www.elvispresley.pro\/cs\/?s={search_term_string}"},"query-input":{"@type":"PropertyValueSpecification","valueRequired":true,"valueName":"search_term_string"}}],"inLanguage":"cs"},{"@type":["Organization","Place"],"@id":"https:\/\/www.elvispresley.pro\/cs\/#organization","name":"Jason P Presley","url":"https:\/\/www.elvispresley.pro\/cs\/","logo":{"@id":"https:\/\/www.elvispresley.pro\/cs\/#local-main-organization-logo"},"image":{"@id":"https:\/\/www.elvispresley.pro\/cs\/#local-main-organization-logo"},"sameAs":["https:\/\/www.facebook.com\/profile.php?id=100053709788100"],"telephone":[],"openingHoursSpecification":[{"@type":"OpeningHoursSpecification","dayOfWeek":["Monday","Tuesday","Wednesday","Thursday","Friday","Saturday","Sunday"],"opens":"09:00","closes":"17:00"}]},{"@type":"ImageObject","inLanguage":"cs","@id":"https:\/\/www.elvispresley.pro\/cs\/#local-main-organization-logo","url":"https:\/\/www.elvispresley.pro\/wp-content\/uploads\/2022\/10\/DSC_0546.jpg","contentUrl":"https:\/\/www.elvispresley.pro\/wp-content\/uploads\/2022\/10\/DSC_0546.jpg","width":1500,"height":1000,"caption":"Jason P Presley"}]}},"_links":{"self":[{"href":"https:\/\/www.elvispresley.pro\/cs\/wp-json\/wp\/v2\/pages\/3375","targetHints":{"allow":["GET"]}}],"collection":[{"href":"https:\/\/www.elvispresley.pro\/cs\/wp-json\/wp\/v2\/pages"}],"about":[{"href":"https:\/\/www.elvispresley.pro\/cs\/wp-json\/wp\/v2\/types\/page"}],"author":[{"embeddable":true,"href":"https:\/\/www.elvispresley.pro\/cs\/wp-json\/wp\/v2\/users\/1"}],"replies":[{"embeddable":true,"href":"https:\/\/www.elvispresley.pro\/cs\/wp-json\/wp\/v2\/comments?post=3375"}],"version-history":[{"count":6,"href":"https:\/\/www.elvispresley.pro\/cs\/wp-json\/wp\/v2\/pages\/3375\/revisions"}],"predecessor-version":[{"id":3471,"href":"https:\/\/www.elvispresley.pro\/cs\/wp-json\/wp\/v2\/pages\/3375\/revisions\/3471"}],"wp:attachment":[{"href":"https:\/\/www.elvispresley.pro\/cs\/wp-json\/wp\/v2\/media?parent=3375"}],"curies":[{"name":"wp","href":"https:\/\/api.w.org\/{rel}","templated":true}]}}