{"id":3378,"date":"2022-05-27T08:06:53","date_gmt":"2022-05-27T05:06:53","guid":{"rendered":"https:\/\/www.elvispresley.pro\/startseite\/"},"modified":"2023-02-01T00:27:23","modified_gmt":"2023-01-31T21:27:23","slug":"startseite","status":"publish","type":"page","link":"https:\/\/www.elvispresley.pro\/de\/","title":{"rendered":"Startseite"},"content":{"rendered":"\n\n\t\t\t\t<a href=\"https:\/\/www.elvispresley.pro\/wp-content\/uploads\/2022\/10\/DSC_0854-1.jpg\" target=\"_self\" itemprop=\"url\" rel=\"noopener\">\n\t\t\t\t<img loading=\"lazy\" decoding=\"async\" src=\"https:\/\/www.elvispresley.pro\/wp-content\/uploads\/2022\/10\/DSC_0854-1.jpg\" alt=\"DSC_0854\" itemprop=\"image\" height=\"667\" width=\"1000\" title=\"DSC_0854\" onerror=\"this.style.display='none'\"  \/>\n\t\t\t\t<\/a>\n<h2>\n\t\tJason P    Ein Elvis Tribute Artist (ETA) mit Leib und Seele!\n\t<\/h2>\n\t<p>Es gab nur einen Elvis Presley, und der war &#8211; und ist &#8211; der unangefochtene K\u00f6nig des Rock\u00b4n\u00b4Roll,<\/p>\n<p>aber leider ist er viel zu fr\u00fch von uns gegangen.<\/p>\n<p>F\u00fcr eine kurze Zeit jedoch kommt seine Musik zur\u00fcck auf die B\u00fchne!<\/p>\n<p>Jason P zollt dem King of Rock\u00b4n\u00b4Roll mit seiner fantastischen Stimme, authentischen Kost\u00fcmen und einer mitrei\u00dfenden Show seinen Tribut und gewann schon viele Preise auf verschiedenen Elvis Contests in Europa!<\/p>\n<p>Jason singt immer live!\u00a0 Egal ob Rock\u00b4n\u00b4Roll Meeting, Musikfestival,\u00a0 Pub,\u00a0 Motto-Party, Auto Show, Jahrmarkt, Hochzeit, Firmenveranstaltung, Hotel, Geburtstag, Ball, Neuer\u00f6ffnung und vieles mehr &#8211; er steht Ihnen gern zur Verf\u00fcgung und macht Ihre Veranstaltung unvergesslich!<\/p>\n<p>Auftritte sind von 15 Minuten bis 2 Stunden m\u00f6glich, nat\u00fcrlich passt sich Jason\u00a0 gern Ihren individuellen W\u00fcnschen und Vorstellungen an. Er spricht neben flie\u00dfendem Deutsch und Englisch auch mehrere andere Sprachen.<\/p>\n<p>Wir hoffen, Ihnen gefallen die vielen Bilder ,Videos und Audiodateien die wir f\u00fcr Sie zusammengestellt haben, und wir freuen uns auf Ihre Nachricht!<\/p>\n<p>Ihr Jason P.<\/p>\n<p>&nbsp;<\/p>\n<p>&nbsp;<\/p>\n\t\t\t\t<a href=\"https:\/\/www.elvispresley.pro\/wp-content\/uploads\/2022\/11\/awards-1-1-179x300.jpg\" target=\"_self\" itemprop=\"url\" rel=\"noopener\">\n\t\t\t\t<img loading=\"lazy\" decoding=\"async\" src=\"https:\/\/www.elvispresley.pro\/wp-content\/uploads\/2022\/11\/awards-1-1-179x300.jpg\" alt=\"awards 1\" itemprop=\"image\" height=\"300\" width=\"179\" title=\"awards 1\" onerror=\"this.style.display='none'\"  \/>\n\t\t\t\t<\/a>\n\t\t\t\t<a href=\"https:\/\/www.elvispresley.pro\/wp-content\/uploads\/2022\/11\/awards-2-179x300.jpg\" target=\"_self\" itemprop=\"url\" rel=\"noopener\">\n\t\t\t\t<img loading=\"lazy\" decoding=\"async\" src=\"https:\/\/www.elvispresley.pro\/wp-content\/uploads\/2022\/11\/awards-2-179x300.jpg\" alt=\"awards 2\" itemprop=\"image\" height=\"300\" width=\"179\" title=\"awards 2\" onerror=\"this.style.display='none'\"  \/>\n\t\t\t\t<\/a>\n\t\t\t<a href=\"https:\/\/www.elvispresley.pro\/contact\/\" target=\"_self\" role=\"button\" rel=\"noopener\">\n\t\t\t\t\t\t\tBuchen \/ Kontakt Jason P.\n\t\t\t\t\t<\/a>\n<h2>\n\t\tH\u00f6ren Sie Jason P.\n\t<\/h2>\n\t\t\t<a href=\"https:\/\/www.elvispresley.pro\/listen\/\" target=\"_self\" role=\"button\" rel=\"noopener\">\n\t\t\t\t\t\t\tMehr anh\u00f6ren\n\t\t\t\t\t<\/a>\n<h2>\n\t\tLive-Auftritt von Jason P.\n\t<\/h2>\n\t<iframe allowfullscreen allow=\"autoplay\" data-src=\"https:\/\/www.youtube.com\/embed\/VK29n6jH5Wc?feature=oembed&amp;start&amp;end&amp;wmode=opaque&amp;loop=0&amp;controls=1&amp;mute=0&amp;rel=0&amp;modestbranding=1\"><\/iframe>\t\t\n\t\t\t\t\tPlay Video\n\t<iframe allowfullscreen allow=\"autoplay\" data-src=\"https:\/\/www.youtube.com\/embed\/sKANHEdRrmA?feature=oembed&amp;start&amp;end&amp;wmode=opaque&amp;loop=0&amp;controls=1&amp;mute=0&amp;rel=0&amp;modestbranding=1\"><\/iframe>\t\t\n\t\t\t\t\tPlay Video\n\t\t\t<a href=\"https:\/\/www.elvispresley.pro\/videos\/\" target=\"_self\" role=\"button\" rel=\"noopener\">\n\t\t\t\t\t\t\tMehr Videos\n\t\t\t\t\t<\/a>\n\t\t\t<a href=\"https:\/\/www.elvispresley.pro\/gallery\/\" target=\"_self\" role=\"button\" rel=\"noopener\">\n\t\t\t\t\t\t\tSiehe Jason P&#8217;s Fotogalerie\n\t\t\t\t\t<\/a>\n<h3>\n\t\tSiehe die neuesten Nachrichten\n\t<\/h3>\n\n","protected":false},"excerpt":{"rendered":"<p>Jason P Ein Elvis Tribute Artist (ETA) mit Leib und Seele! Es gab nur einen Elvis Presley, und der war &#8211; und ist &#8211; der unangefochtene K\u00f6nig des Rock\u00b4n\u00b4Roll, aber leider ist er viel zu fr\u00fch von uns gegangen. F\u00fcr eine kurze Zeit jedoch kommt seine Musik zur\u00fcck auf die B\u00fchne! Jason P zollt dem&hellip;<\/p>\n","protected":false},"author":1,"featured_media":0,"parent":0,"menu_order":0,"comment_status":"closed","ping_status":"closed","template":"","meta":{"footnotes":""},"class_list":["post-3378","page","type-page","status-publish","hentry"],"yoast_head":"<!-- This site is optimized with the Yoast SEO Premium plugin v27.4 (Yoast SEO v27.5) - https:\/\/yoast.com\/product\/yoast-seo-premium-wordpress\/ -->\n<title>Startseite - Jason P. Presley<\/title>\n<meta name=\"robots\" content=\"index, follow, max-snippet:-1, max-image-preview:large, max-video-preview:-1\" \/>\n<link rel=\"canonical\" href=\"https:\/\/www.elvispresley.pro\/de\/\" \/>\n<meta property=\"og:locale\" content=\"de_DE\" \/>\n<meta property=\"og:type\" content=\"article\" \/>\n<meta property=\"og:title\" content=\"Startseite\" \/>\n<meta property=\"og:description\" content=\"Jason P Ein Elvis Tribute Artist (ETA) mit Leib und Seele! Es gab nur einen Elvis Presley, und der war &#8211; und ist &#8211; der unangefochtene K\u00f6nig des Rock\u00b4n\u00b4Roll, aber leider ist er viel zu fr\u00fch von uns gegangen. F\u00fcr eine kurze Zeit jedoch kommt seine Musik zur\u00fcck auf die B\u00fchne! Jason P zollt dem&hellip;\" \/>\n<meta property=\"og:url\" content=\"https:\/\/www.elvispresley.pro\/de\/\" \/>\n<meta property=\"og:site_name\" content=\"Jason P. Presley\" \/>\n<meta property=\"article:publisher\" content=\"https:\/\/www.facebook.com\/profile.php?id=100053709788100\" \/>\n<meta property=\"article:modified_time\" content=\"2023-01-31T21:27:23+00:00\" \/>\n<meta property=\"og:image\" content=\"https:\/\/www.elvispresley.pro\/wp-content\/uploads\/2022\/10\/DSC_0854-1.jpg\" \/>\n<meta name=\"twitter:card\" content=\"summary_large_image\" \/>\n<meta name=\"twitter:label1\" content=\"Gesch\u00e4tzte Lesezeit\" \/>\n\t<meta name=\"twitter:data1\" content=\"1\u00a0Minute\" \/>\n<script type=\"application\/ld+json\" class=\"yoast-schema-graph\">{\"@context\":\"https:\\\/\\\/schema.org\",\"@graph\":[{\"@type\":\"WebPage\",\"@id\":\"https:\\\/\\\/www.elvispresley.pro\\\/de\\\/\",\"url\":\"https:\\\/\\\/www.elvispresley.pro\\\/de\\\/\",\"name\":\"Startseite - Jason P. Presley\",\"isPartOf\":{\"@id\":\"https:\\\/\\\/www.elvispresley.pro\\\/de\\\/#website\"},\"primaryImageOfPage\":{\"@id\":\"https:\\\/\\\/www.elvispresley.pro\\\/de\\\/#primaryimage\"},\"image\":{\"@id\":\"https:\\\/\\\/www.elvispresley.pro\\\/de\\\/#primaryimage\"},\"thumbnailUrl\":\"https:\\\/\\\/www.elvispresley.pro\\\/wp-content\\\/uploads\\\/2022\\\/10\\\/DSC_0854-1.jpg\",\"datePublished\":\"2022-05-27T05:06:53+00:00\",\"dateModified\":\"2023-01-31T21:27:23+00:00\",\"breadcrumb\":{\"@id\":\"https:\\\/\\\/www.elvispresley.pro\\\/de\\\/#breadcrumb\"},\"inLanguage\":\"de\",\"potentialAction\":[{\"@type\":\"ReadAction\",\"target\":[\"https:\\\/\\\/www.elvispresley.pro\\\/de\\\/\"]}]},{\"@type\":\"ImageObject\",\"inLanguage\":\"de\",\"@id\":\"https:\\\/\\\/www.elvispresley.pro\\\/de\\\/#primaryimage\",\"url\":\"https:\\\/\\\/www.elvispresley.pro\\\/wp-content\\\/uploads\\\/2022\\\/10\\\/DSC_0854-1.jpg\",\"contentUrl\":\"https:\\\/\\\/www.elvispresley.pro\\\/wp-content\\\/uploads\\\/2022\\\/10\\\/DSC_0854-1.jpg\"},{\"@type\":\"BreadcrumbList\",\"@id\":\"https:\\\/\\\/www.elvispresley.pro\\\/de\\\/#breadcrumb\",\"itemListElement\":[{\"@type\":\"ListItem\",\"position\":1,\"name\":\"Home\",\"item\":\"https:\\\/\\\/www.elvispresley.pro\\\/de\\\/\"},{\"@type\":\"ListItem\",\"position\":2,\"name\":\"Startseite\"}]},{\"@type\":\"WebSite\",\"@id\":\"https:\\\/\\\/www.elvispresley.pro\\\/de\\\/#website\",\"url\":\"https:\\\/\\\/www.elvispresley.pro\\\/de\\\/\",\"name\":\"Jason P. Presley\",\"description\":\"Elvis tribute - Jason P.\",\"publisher\":{\"@id\":\"https:\\\/\\\/www.elvispresley.pro\\\/de\\\/#organization\"},\"potentialAction\":[{\"@type\":\"SearchAction\",\"target\":{\"@type\":\"EntryPoint\",\"urlTemplate\":\"https:\\\/\\\/www.elvispresley.pro\\\/de\\\/?s={search_term_string}\"},\"query-input\":{\"@type\":\"PropertyValueSpecification\",\"valueRequired\":true,\"valueName\":\"search_term_string\"}}],\"inLanguage\":\"de\"},{\"@type\":[\"Organization\",\"Place\"],\"@id\":\"https:\\\/\\\/www.elvispresley.pro\\\/de\\\/#organization\",\"name\":\"Jason P Presley\",\"url\":\"https:\\\/\\\/www.elvispresley.pro\\\/de\\\/\",\"logo\":{\"@id\":\"https:\\\/\\\/www.elvispresley.pro\\\/de\\\/#local-main-organization-logo\"},\"image\":{\"@id\":\"https:\\\/\\\/www.elvispresley.pro\\\/de\\\/#local-main-organization-logo\"},\"sameAs\":[\"https:\\\/\\\/www.facebook.com\\\/profile.php?id=100053709788100\"],\"telephone\":[],\"openingHoursSpecification\":[{\"@type\":\"OpeningHoursSpecification\",\"dayOfWeek\":[\"Monday\",\"Tuesday\",\"Wednesday\",\"Thursday\",\"Friday\",\"Saturday\",\"Sunday\"],\"opens\":\"09:00\",\"closes\":\"17:00\"}]},{\"@type\":\"ImageObject\",\"inLanguage\":\"de\",\"@id\":\"https:\\\/\\\/www.elvispresley.pro\\\/de\\\/#local-main-organization-logo\",\"url\":\"https:\\\/\\\/www.elvispresley.pro\\\/wp-content\\\/uploads\\\/2022\\\/10\\\/DSC_0546.jpg\",\"contentUrl\":\"https:\\\/\\\/www.elvispresley.pro\\\/wp-content\\\/uploads\\\/2022\\\/10\\\/DSC_0546.jpg\",\"width\":1500,\"height\":1000,\"caption\":\"Jason P Presley\"}]}<\/script>\n<!-- \/ Yoast SEO Premium plugin. -->","yoast_head_json":{"title":"Startseite - Jason P. Presley","robots":{"index":"index","follow":"follow","max-snippet":"max-snippet:-1","max-image-preview":"max-image-preview:large","max-video-preview":"max-video-preview:-1"},"canonical":"https:\/\/www.elvispresley.pro\/de\/","og_locale":"de_DE","og_type":"article","og_title":"Startseite","og_description":"Jason P Ein Elvis Tribute Artist (ETA) mit Leib und Seele! Es gab nur einen Elvis Presley, und der war &#8211; und ist &#8211; der unangefochtene K\u00f6nig des Rock\u00b4n\u00b4Roll, aber leider ist er viel zu fr\u00fch von uns gegangen. F\u00fcr eine kurze Zeit jedoch kommt seine Musik zur\u00fcck auf die B\u00fchne! Jason P zollt dem&hellip;","og_url":"https:\/\/www.elvispresley.pro\/de\/","og_site_name":"Jason P. Presley","article_publisher":"https:\/\/www.facebook.com\/profile.php?id=100053709788100","article_modified_time":"2023-01-31T21:27:23+00:00","og_image":[{"url":"https:\/\/www.elvispresley.pro\/wp-content\/uploads\/2022\/10\/DSC_0854-1.jpg","type":"","width":"","height":""}],"twitter_card":"summary_large_image","twitter_misc":{"Gesch\u00e4tzte Lesezeit":"1\u00a0Minute"},"schema":{"@context":"https:\/\/schema.org","@graph":[{"@type":"WebPage","@id":"https:\/\/www.elvispresley.pro\/de\/","url":"https:\/\/www.elvispresley.pro\/de\/","name":"Startseite - Jason P. Presley","isPartOf":{"@id":"https:\/\/www.elvispresley.pro\/de\/#website"},"primaryImageOfPage":{"@id":"https:\/\/www.elvispresley.pro\/de\/#primaryimage"},"image":{"@id":"https:\/\/www.elvispresley.pro\/de\/#primaryimage"},"thumbnailUrl":"https:\/\/www.elvispresley.pro\/wp-content\/uploads\/2022\/10\/DSC_0854-1.jpg","datePublished":"2022-05-27T05:06:53+00:00","dateModified":"2023-01-31T21:27:23+00:00","breadcrumb":{"@id":"https:\/\/www.elvispresley.pro\/de\/#breadcrumb"},"inLanguage":"de","potentialAction":[{"@type":"ReadAction","target":["https:\/\/www.elvispresley.pro\/de\/"]}]},{"@type":"ImageObject","inLanguage":"de","@id":"https:\/\/www.elvispresley.pro\/de\/#primaryimage","url":"https:\/\/www.elvispresley.pro\/wp-content\/uploads\/2022\/10\/DSC_0854-1.jpg","contentUrl":"https:\/\/www.elvispresley.pro\/wp-content\/uploads\/2022\/10\/DSC_0854-1.jpg"},{"@type":"BreadcrumbList","@id":"https:\/\/www.elvispresley.pro\/de\/#breadcrumb","itemListElement":[{"@type":"ListItem","position":1,"name":"Home","item":"https:\/\/www.elvispresley.pro\/de\/"},{"@type":"ListItem","position":2,"name":"Startseite"}]},{"@type":"WebSite","@id":"https:\/\/www.elvispresley.pro\/de\/#website","url":"https:\/\/www.elvispresley.pro\/de\/","name":"Jason P. Presley","description":"Elvis tribute - Jason P.","publisher":{"@id":"https:\/\/www.elvispresley.pro\/de\/#organization"},"potentialAction":[{"@type":"SearchAction","target":{"@type":"EntryPoint","urlTemplate":"https:\/\/www.elvispresley.pro\/de\/?s={search_term_string}"},"query-input":{"@type":"PropertyValueSpecification","valueRequired":true,"valueName":"search_term_string"}}],"inLanguage":"de"},{"@type":["Organization","Place"],"@id":"https:\/\/www.elvispresley.pro\/de\/#organization","name":"Jason P Presley","url":"https:\/\/www.elvispresley.pro\/de\/","logo":{"@id":"https:\/\/www.elvispresley.pro\/de\/#local-main-organization-logo"},"image":{"@id":"https:\/\/www.elvispresley.pro\/de\/#local-main-organization-logo"},"sameAs":["https:\/\/www.facebook.com\/profile.php?id=100053709788100"],"telephone":[],"openingHoursSpecification":[{"@type":"OpeningHoursSpecification","dayOfWeek":["Monday","Tuesday","Wednesday","Thursday","Friday","Saturday","Sunday"],"opens":"09:00","closes":"17:00"}]},{"@type":"ImageObject","inLanguage":"de","@id":"https:\/\/www.elvispresley.pro\/de\/#local-main-organization-logo","url":"https:\/\/www.elvispresley.pro\/wp-content\/uploads\/2022\/10\/DSC_0546.jpg","contentUrl":"https:\/\/www.elvispresley.pro\/wp-content\/uploads\/2022\/10\/DSC_0546.jpg","width":1500,"height":1000,"caption":"Jason P Presley"}]}},"_links":{"self":[{"href":"https:\/\/www.elvispresley.pro\/de\/wp-json\/wp\/v2\/pages\/3378","targetHints":{"allow":["GET"]}}],"collection":[{"href":"https:\/\/www.elvispresley.pro\/de\/wp-json\/wp\/v2\/pages"}],"about":[{"href":"https:\/\/www.elvispresley.pro\/de\/wp-json\/wp\/v2\/types\/page"}],"author":[{"embeddable":true,"href":"https:\/\/www.elvispresley.pro\/de\/wp-json\/wp\/v2\/users\/1"}],"replies":[{"embeddable":true,"href":"https:\/\/www.elvispresley.pro\/de\/wp-json\/wp\/v2\/comments?post=3378"}],"version-history":[{"count":10,"href":"https:\/\/www.elvispresley.pro\/de\/wp-json\/wp\/v2\/pages\/3378\/revisions"}],"predecessor-version":[{"id":3437,"href":"https:\/\/www.elvispresley.pro\/de\/wp-json\/wp\/v2\/pages\/3378\/revisions\/3437"}],"wp:attachment":[{"href":"https:\/\/www.elvispresley.pro\/de\/wp-json\/wp\/v2\/media?parent=3378"}],"curies":[{"name":"wp","href":"https:\/\/api.w.org\/{rel}","templated":true}]}}